{"id":840,"date":"2021-12-20T16:49:49","date_gmt":"2021-12-20T21:49:49","guid":{"rendered":"https:\/\/agriconseils.wp.vortexdev.com\/?page_id=840"},"modified":"2025-11-13T10:11:25","modified_gmt":"2025-11-13T15:11:25","slug":"publications","status":"publish","type":"page","link":"https:\/\/agriconseils.wp.vortexdev.com\/en\/publications\/","title":{"rendered":"Publications"},"content":{"rendered":"<div class=\"block-accordion \">\n    <span class=\"block-accordion__label\">Accordion<\/span>\n    <h3 class=\"block-accordion__title\">Annual Reports<\/h3>\n    \n\n<p><strong>2023-2024<\/strong><\/p>\n\n\n\n<ul class=\"wp-block-list\">\n<li><a href=\"https:\/\/agriconseils.wp.vortexdev.com\/wp-content\/uploads\/2024\/12\/RAAT_Rappport-annuel-2023-2024_VF.pdf\">R\u00e9seau Agriconseils Abitibi-T\u00e9miscamingue<\/a><\/li>\n\n\n\n<li>R\u00e9seau Agriconseils Bas-Saint-Laurent<\/li>\n\n\n\n<li><a href=\"https:\/\/agriconseils.wp.vortexdev.com\/wp-content\/uploads\/2024\/09\/1.Rapport_annuel_gestion_23-24_WEB_CN.pdf\">R\u00e9seau Agriconseils Capitale-Nationale et C\u00f4te-Nord<\/a><\/li>\n\n\n\n<li><a href=\"https:\/\/agriconseils.wp.vortexdev.com\/wp-content\/uploads\/2024\/08\/Rapport-annuel-de-gestion_2023-2024_CDQ.pdf\">R\u00e9seau Agriconseils Centre-du-Qu\u00e9bec<\/a><\/li>\n\n\n\n<li><a href=\"https:\/\/agriconseils.wp.vortexdev.com\/wp-content\/uploads\/2024\/08\/Rapport_annuel_gestion_2023-2024_CA_DIFFUSION.pdf\">R\u00e9seau Agriconseils de la Chaudi\u00e8re-Appalaches<\/a>&nbsp;<\/li>\n\n\n\n<li><a href=\"https:\/\/agriconseils.wp.vortexdev.com\/wp-content\/uploads\/2024\/06\/RA_Estrie_2023-2024.pdf\">R\u00e9seau Agriconseils de l\u2019Estrie<\/a><\/li>\n\n\n\n<li>R\u00e9seau Agriconseils Gasp\u00e9sie-les \u00celes<\/li>\n\n\n\n<li><a href=\"https:\/\/agriconseils.wp.vortexdev.com\/wp-content\/uploads\/2024\/09\/RAL-Rapport_annuel_gestion_medias.pdf\">R\u00e9seau Agriconseils Laurentides<\/a>&nbsp;<\/li>\n\n\n\n<li><a href=\"https:\/\/agriconseils.wp.vortexdev.com\/wp-content\/uploads\/2024\/08\/Rapport-annuel-RAMAUR_2023-2024-JUIN-2024.pdf\">R\u00e9seau Agriconseils Mauricie<\/a><\/li>\n\n\n\n<li><a href=\"https:\/\/agriconseils.wp.vortexdev.com\/wp-content\/uploads\/2024\/11\/MONT-Rapport_annuel_gestion_2023-2024.pdf\">R\u00e9seau Agriconseils Mont\u00e9r\u00e9gie<\/a><\/li>\n\n\n\n<li><a href=\"https:\/\/agriconseils.wp.vortexdev.com\/wp-content\/uploads\/2024\/08\/Rapport-annuel-2023-2024.pdf\">R\u00e9seau Agriconseils Montr\u00e9al-Laval-Lanaudi\u00e8re<\/a><\/li>\n\n\n\n<li>R\u00e9seau Agriconseils Outaouais<\/li>\n\n\n\n<li><a href=\"https:\/\/agriconseils.wp.vortexdev.com\/wp-content\/uploads\/2021\/10\/Rapport-annuel-2023-2024.pdf\">R\u00e9seau Agriconseils Saguenay-Lac-Saint-Jean<\/a><\/li>\n<\/ul>\n\n\n<\/div>\n\n                    \n\n\n<div class=\"block-accordion \">\n    <span class=\"block-accordion__label\">Accordion<\/span>\n    <h3 class=\"block-accordion__title\">Articles<\/h3>\n    \n\n<ul class=\"wp-block-list\">\n<li>JOMPHE, Nathalie, Anthony L\u00c9VESQUE et Caroline BELZILE. (2022, mai) <em><a href=\"https:\/\/agriconseils.wp.vortexdev.com\/wp-content\/uploads\/2022\/05\/5_Plan-daction_2022-03.pdf\">Le plan d\u2019action : un outil pour prendre les bonnes d\u00e9cisions et bien planifier<\/a>.<\/em><\/li>\n\n\n\n<li>HOGUE, Karen et Fatou Amar BA. (2022, mars) <em><a href=\"https:\/\/agriconseils.wp.vortexdev.com\/wp-content\/uploads\/2022\/03\/4_Projet_Plan-daffaires-1.pdf\">Les services-conseils disponibles aux entreprises agricoles en transformation alimentaire artisanale<\/a>.<\/em><\/li>\n\n\n\n<li>LACHARIT\u00c9, Manon. (2021, octobre) <em><a href=\"https:\/\/agriconseils.wp.vortexdev.com\/wp-content\/uploads\/2022\/03\/3_Projet_Autogestion-des-risques.pdf\">Les services-conseils disponibles aux entreprises agricoles et agroalimentaires : t\u00e9moignage de satisfaction d\u2019une productrice de porcs utilisatrice du service-conseil en autogestion des risques<\/a>.<\/em><\/li>\n\n\n\n<li>ROUGEAU, Louisette et \u00c9milie CARON. (2021, septembre) <em><a href=\"https:\/\/agriconseils.wp.vortexdev.com\/wp-content\/uploads\/2022\/03\/2_Projet_Article_Gestion-RH.pdf\">S\u2019outiller pour mieux g\u00e9rer ses ressources humaines<\/a>.<\/em><\/li>\n\n\n\n<li>TRAOR\u00c9, Kat\u00e9h\u00e9. (2021, mai)<em> <a href=\"https:\/\/agriconseils.wp.vortexdev.com\/wp-content\/uploads\/2022\/03\/1_Projet_Article_PSC_2021-05.pdf\">Les services-conseils subventionn\u00e9s : une opportunit\u00e9 \u00e0 saisir pour mieux rentabiliser votre entreprise agricole<\/a>.<\/em><\/li>\n<\/ul>\n\n\n<\/div>\n\n                    \n\n\n<div class=\"block-accordion \">\n    <span class=\"block-accordion__label\">Accordion<\/span>\n    <h3 class=\"block-accordion__title\">Coordination services-conseils Publications<\/h3>\n    \n\n<p><strong>Coordination services-conseils Annual Reports<\/strong><\/p>\n\n\n\n<ul class=\"wp-block-list\">\n<li><a href=\"https:\/\/view.genially.com\/681cf71f028a6cf67293a5ba\" target=\"_blank\" rel=\"noreferrer noopener\">Rapport annuel 2024-2025 de la Coordination services-conseils<\/a><br>Ce rapport pr\u00e9sente l\u2019ensemble des activit\u00e9s de soutien r\u00e9alis\u00e9es par la CSC aupr\u00e8s des <a href=\"http:\/\/www.agriconseils.qc.ca\/\" target=\"_blank\" rel=\"noreferrer noopener\">r\u00e9seaux Agriconseils<\/a> et des dispensateurs de services-conseils, pour la p\u00e9riode du 1<sup>er<\/sup>&nbsp;avril 2024 au 31 mars 2025. &#8211; Une version PDF est disponible sur demande.<\/li>\n\n\n\n<li><a href=\"https:\/\/view.genially.com\/664f62310212e8001359acdd\" target=\"_blank\" rel=\"noreferrer noopener\">Rapport annuel 2023-2024 de la Coordination services-conseils<\/a><br>Ce rapport pr\u00e9sente l\u2019ensemble des activit\u00e9s de soutien r\u00e9alis\u00e9es par la CSC aupr\u00e8s des <a href=\"http:\/\/www.agriconseils.qc.ca\/\" target=\"_blank\" rel=\"noreferrer noopener\">r\u00e9seaux Agriconseils<\/a> et des dispensateurs de services-conseils, pour la p\u00e9riode du 1<sup>er<\/sup>&nbsp;avril 2023 au 31 mars 2024.<\/li>\n\n\n\n<li><a href=\"https:\/\/indd.adobe.com\/view\/9ece67a4-2915-48c5-994a-757d183a649f\" rel=\"noopener\">Rapport annuel 2022-2023 de la Coordination services-conseils<\/a><br>Ce rapport pr\u00e9sente l\u2019ensemble des activit\u00e9s de soutien r\u00e9alis\u00e9es par la CSC aupr\u00e8s des&nbsp;<a href=\"http:\/\/www.agriconseils.qc.ca\/\" target=\"_blank\" rel=\"noreferrer noopener\">r\u00e9seaux Agriconseils<\/a>&nbsp;et des dispensateurs de services-conseils, pour la p\u00e9riode du 1<sup>er<\/sup>&nbsp;avril 2022 au 31 mars 2023.<\/li>\n<\/ul>\n\n\n\n<p><strong><strong>Annual Reports on Consulting Services Provided to Farm Businesses, Managed by the R\u00e9seaux Agriconseils<\/strong><\/strong><\/p>\n\n\n\n<ul class=\"wp-block-list\">\n<li><a href=\"https:\/\/coordination-sc.org\/wp-content\/uploads\/2024\/04\/rapport-annuel_s-c_2022-2023_avec-annexes.pdf\" target=\"_blank\" rel=\"noreferrer noopener\">Rapport annuel 2022-2023 sur les services-conseils offerts aux entreprises agricoles, administr\u00e9s par les r\u00e9seaux Agriconseils<\/a><br>Ce rapport dresse le bilan de la livraison des services-conseils soutenus par les r\u00e9seaux Agriconseils dont le financement est rendu possible par l\u2019entremise du Programme services-conseils, pour la p\u00e9riode du 1<sup>er<\/sup>&nbsp;avril 2022 au 31 mars 2023.<\/li>\n<\/ul>\n\n\n\n<p>Previous versions are available on demand.<\/p>\n\n\n<\/div>\n\n                    \n\n\n<div class=\"block-accordion \">\n    <span class=\"block-accordion__label\">Accordion<\/span>\n    <h3 class=\"block-accordion__title\">Press release<\/h3>\n    \n\n<ul class=\"wp-block-list\">\n<li>Coordination services-conseils. (2025, novembre). <em><a href=\"https:\/\/coordination-sc.org\/wp-content\/uploads\/2025\/11\/Communique_Innovez_2025-11-13.pdf\" target=\"_blank\" rel=\"noreferrer noopener\">Plus de 190 conseillers agricoles r\u00e9unis \u00e0 Drummondville pour la journ\u00e9e \u00ab\u202fInnovez pour mieux accompagner\u202f\u00bb<\/a><\/em> [Communiqu\u00e9 de presse]<\/li>\n<\/ul>\n\n\n<\/div>\n\n                    \n","protected":false},"excerpt":{"rendered":"","protected":false},"author":1,"featured_media":823,"parent":0,"menu_order":0,"comment_status":"closed","ping_status":"closed","template":"","meta":{"_acf_changed":false,"_relevanssi_hide_post":"","_relevanssi_hide_content":"","_relevanssi_pin_for_all":"","_relevanssi_pin_keywords":"","_relevanssi_unpin_keywords":"","_relevanssi_related_keywords":"","_relevanssi_related_include_ids":"","_relevanssi_related_exclude_ids":"","_relevanssi_related_no_append":"","_relevanssi_related_not_related":"","_relevanssi_related_posts":"3823,3816,3818","_relevanssi_noindex_reason":"","footnotes":""},"class_list":["post-840","page","type-page","status-publish","has-post-thumbnail","hentry"],"acf":[],"_links":{"self":[{"href":"https:\/\/agriconseils.wp.vortexdev.com\/en\/wp-json\/wp\/v2\/pages\/840","targetHints":{"allow":["GET"]}}],"collection":[{"href":"https:\/\/agriconseils.wp.vortexdev.com\/en\/wp-json\/wp\/v2\/pages"}],"about":[{"href":"https:\/\/agriconseils.wp.vortexdev.com\/en\/wp-json\/wp\/v2\/types\/page"}],"author":[{"embeddable":true,"href":"https:\/\/agriconseils.wp.vortexdev.com\/en\/wp-json\/wp\/v2\/users\/1"}],"replies":[{"embeddable":true,"href":"https:\/\/agriconseils.wp.vortexdev.com\/en\/wp-json\/wp\/v2\/comments?post=840"}],"version-history":[{"count":10,"href":"https:\/\/agriconseils.wp.vortexdev.com\/en\/wp-json\/wp\/v2\/pages\/840\/revisions"}],"predecessor-version":[{"id":11027,"href":"https:\/\/agriconseils.wp.vortexdev.com\/en\/wp-json\/wp\/v2\/pages\/840\/revisions\/11027"}],"wp:featuredmedia":[{"embeddable":true,"href":"https:\/\/agriconseils.wp.vortexdev.com\/en\/wp-json\/wp\/v2\/media\/823"}],"wp:attachment":[{"href":"https:\/\/agriconseils.wp.vortexdev.com\/en\/wp-json\/wp\/v2\/media?parent=840"}],"curies":[{"name":"wp","href":"https:\/\/api.w.org\/{rel}","templated":true}]}}