{"id":808,"date":"2021-12-20T16:11:06","date_gmt":"2021-12-20T21:11:06","guid":{"rendered":"https:\/\/agriconseils.wp.vortexdev.com\/?page_id=808"},"modified":"2026-02-24T10:12:03","modified_gmt":"2026-02-24T15:12:03","slug":"guides-and-forms","status":"publish","type":"page","link":"https:\/\/agriconseils.wp.vortexdev.com\/en\/i-am-an-advisor\/guides-and-forms\/","title":{"rendered":"Guides and Forms"},"content":{"rendered":"\n<h2 class=\"wp-block-heading is-style-default\"><strong>Consultants, stay tuned for updates! <\/strong><\/h2>\n\n\n\n<p>To properly support the <a href=\"http:\/\/www.agriconseils.qc.ca\/\" rel=\"noopener\"><strong>R\u00e9seaux Agriconseils<\/strong><\/a> in their role as a one-stop shop for advisory services and to disseminate essential information to providers, <em>La Coordination services-conseils vous informe!<\/em> was created. This provincial newsletter is intended for all those who work in consulting services in Quebec, regardless of their specialty. <\/p>\n\n\n\n<p class=\"is-style-default\"><strong>Subscribe to our <a href=\"http:\/\/coordination-sc.org\/infolettre-unique\/\" rel=\"noopener\">newsletter<\/a>.<\/strong><\/p>\n\n\n\n<p><\/p>\n\n\n\n<h6 class=\"wp-block-heading\"><strong><strong>Les documents sont disponibles en fran\u00e7ais uniquement, conform\u00e9ment \u00e0 la Charte de la langue fran\u00e7aise et \u00e0 la politique linguistique.<\/strong><\/strong><\/h6>\n\n\n<div class=\"block-accordion \">\n    <span class=\"block-accordion__label\">Accordion<\/span>\n    <h3 class=\"block-accordion__title\">Consulting Services 2018-2023 Program<\/h3>\n    \n\n<p><strong>En d\u00e9tails<\/strong><\/p>\n\n\n\n<ul class=\"wp-block-list\">\n<li>Consultez le <a href=\"https:\/\/www.mapaq.gouv.qc.ca\/fr\/Productions\/md\/programmesliste\/gestionagricole\/Pages\/Programmeservices-conseils.aspx\" rel=\"noopener\">Programme<\/a>.<\/li>\n\n\n\n<li><a href=\"https:\/\/coordination-sc.org\/nouvelles\/?_news_categories=programme-services-conseils\" target=\"_blank\" rel=\"noreferrer noopener\">Capsules informatives<\/a> en lien avec le PSC publi\u00e9es dans<em> La CSC vous informe!<\/em><\/li>\n\n\n\n<li><a href=\"https:\/\/view.genial.ly\/649c4999453b120019a9823c\/horizontal-infographic-diagrams-cheminement-aide-financiere-2023\" rel=\"noopener\">Cheminement d&#8217;une demande aux r\u00e9seaux Agriconseils<\/a><\/li>\n\n\n\n<li><a href=\"https:\/\/agriconseils.wp.vortexdev.com\/wp-content\/uploads\/2023\/08\/Depliant_Services-Conseils_PCAD_2023_web.pdf\">D\u00e9pliant PSC 2023-2028<\/a><\/li>\n\n\n\n<li><a href=\"https:\/\/coordination-sc.org\/nouvelles\/seance-dinformation-sur-le-psc-2023-2028-seance-dinformation-sur-le-psc-2023-2028-disponibilite-de-lenregistrement\/\" target=\"_blank\" rel=\"noreferrer noopener\">R\u00e9ponses aux questions de la s\u00e9ance d\u2019information sur le PSC du 30 avril 2025<\/a><\/li>\n<\/ul>\n\n\n\n<p><strong>Guide<\/strong><\/p>\n\n\n\n<ul class=\"wp-block-list\">\n<li><a href=\"https:\/\/agriconseils.wp.vortexdev.com\/wp-content\/uploads\/2025\/05\/Guide_administratif_PSC2023-2028_Mai2025v6-2.pdf\" target=\"_blank\" rel=\"noreferrer noopener\">Guide administratif PSC 2023-2028<\/a> (mai 2025)<\/li>\n<\/ul>\n\n\n\n<p><strong>Activit\u00e9s collectives et de cod\u00e9veloppement<\/strong><\/p>\n\n\n\n<ul class=\"wp-block-list\">\n<li><a href=\"https:\/\/agriconseils.wp.vortexdev.com\/wp-content\/uploads\/2025\/06\/2.1-FormulaireDAF.pdf\" target=\"_blank\" rel=\"noreferrer noopener\">Formulaire de demande d\u2019aide financi\u00e8re (conjoint PSC volet 2 et Prime-Vert)<\/a><br>IMPORTANT : Ce fichier contient des cases \u00e0 cocher qui s\u2019activent seulement lorsqu\u2019ouvert \u00e0 l\u2019aide d\u2019Acrobat Reader. <strong>Veuillez ne pas utiliser le lecteur PDF inclus dans Chrome\/Edge mais plut\u00f4t Acrobat Reader.<\/strong><\/li>\n\n\n\n<li><a href=\"https:\/\/agriconseils.wp.vortexdev.com\/wp-content\/uploads\/2024\/07\/PSC_volet-2_RapportFinal_2024-06-13.docx\">Rapport final<\/a>\n<ul class=\"wp-block-list\">\n<li><a href=\"https:\/\/agriconseils.wp.vortexdev.com\/wp-content\/uploads\/2024\/01\/ConsentementDiffusionPublique_volet2vf.docx\">Consentement de diffusion du contenu au public (au besoin)<\/a><\/li>\n\n\n\n<li><a href=\"https:\/\/agriconseils.wp.vortexdev.com\/wp-content\/uploads\/2025\/04\/Formulaire-reclamation_PSC_volet-2.xlsx\">Formulaire de r\u00e9clamation des d\u00e9penses<\/a><\/li>\n\n\n\n<li><a href=\"https:\/\/agriconseils.wp.vortexdev.com\/wp-content\/uploads\/2023\/11\/Liste-exploitable_volet2_participants.xlsx\">Liste exploitable pour les participants aux activit\u00e9s collectives<\/a><\/li>\n<\/ul>\n<\/li>\n<\/ul>\n\n\n\n<p><strong>Frais de d\u00e9placement<\/strong><\/p>\n\n\n\n<ul class=\"wp-block-list\">\n<li><a href=\"https:\/\/agriconseils.wp.vortexdev.com\/wp-content\/uploads\/2025\/10\/Remboursement-frais_deplacement_2025-10.xlsx\" target=\"_blank\" rel=\"noreferrer noopener\">Remboursement des frais de d\u00e9placement (\u00e9loignement)<\/a><\/li>\n<\/ul>\n\n\n\n<p><strong>Formulaire d&#8217;adh\u00e9sion au Programme services-conseils&nbsp;(<\/strong>pour les producteurs et les transformateurs alimentaires artisans<strong>)<\/strong><\/p>\n\n\n\n<ul class=\"wp-block-list\">\n<li><a href=\"https:\/\/agriconseils.wp.vortexdev.com\/wp-content\/uploads\/2024\/04\/VOLET-1-Formulaire_adhesion_2024-03_v2.pdf\">Formulaire d\u2019adh\u00e9sion de l\u2019entreprise<\/a><br>Formulaire PDF destin\u00e9 \u00e0 un r\u00e9pondant d\u2019une entreprise agricole ou \u00e0 un transformateur alimentaire artisan qui souhaite b\u00e9n\u00e9ficier d\u2019un service-conseil admissible \u00e0 une aide financi\u00e8re d\u2019un r\u00e9seau Agriconseils.<\/li>\n\n\n\n<li><a href=\"https:\/\/agriconseils.wp.vortexdev.com\/wp-content\/uploads\/2024\/04\/VOLET-1-Formulaire_adhesion_2024-03.docx\">Formulaire d\u2019adh\u00e9sion de l\u2019entreprise<\/a><br>Formulaire WORD destin\u00e9 \u00e0 un r\u00e9pondant d\u2019une entreprise agricole ou \u00e0 un transformateur alimentaire artisan qui souhaite b\u00e9n\u00e9ficier d\u2019un service-conseil admissible \u00e0 une aide financi\u00e8re d\u2019un r\u00e9seau Agriconseils.<\/li>\n<\/ul>\n\n\n<\/div>\n\n                    \n\n\n<div class=\"block-accordion \">\n    <span class=\"block-accordion__label\">Accordion<\/span>\n    <h3 class=\"block-accordion__title\">Agreement<\/h3>\n    \n\n<ul class=\"wp-block-list\">\n<li><a href=\"https:\/\/ententeadmissibilitepsc.coordination-sc.org\/?mc_cid=7d85a8c961&amp;mc_eid=2a75c57776\" target=\"_blank\" rel=\"noreferrer noopener\">Entente d\u2019admissibilit\u00e9 d\u2019un dispensateur de services-conseils aux entreprises agricoles et agroalimentaires<\/a><br>Plateforme Web de compl\u00e9tion de l&#8217;Entente.<\/li>\n\n\n\n<li><a href=\"https:\/\/agriconseils.wp.vortexdev.com\/wp-content\/uploads\/2025\/03\/Entente_adm2023-2028_2025-04.pdf\" target=\"_blank\" rel=\"noreferrer noopener\">Exemple d\u2019Entente d&#8217;admissibilit\u00e9 2025-2026 pour consultation<\/a><br>Mod\u00e8le d&#8217;Entente pour consultation.<\/li>\n<\/ul>\n\n\n<\/div>\n\n                    \n\n\n<div class=\"block-accordion \">\n    <span class=\"block-accordion__label\">Accordion<\/span>\n    <h3 class=\"block-accordion__title\">Contract<\/h3>\n    \n\n<p>Un seul mod\u00e8le de contrat est disponible (2 versions EXCEL : avec et sans liste de clients). Veuillez consulter les onglets \u00ab&nbsp;Mise en garde&nbsp;\u00bb et \u00ab&nbsp;Guide d\u2019utilisation du fichier&nbsp;\u00bb.<br><br><strong>Au courant de l\u2019ann\u00e9e 2025-2026, le PSC rendra obligatoire l\u2019utilisation de ce mod\u00e8le.<\/strong><\/p>\n\n\n\n<ul class=\"wp-block-list\">\n<li><a href=\"https:\/\/agriconseils.wp.vortexdev.com\/wp-content\/uploads\/2026\/02\/Contrat-de-service-unique-CSU-v1.6.xlsx\" target=\"_blank\" rel=\"noreferrer noopener\">Contrat de service unique SANS liste de clients<\/a><\/li>\n\n\n\n<li><a href=\"https:\/\/agriconseils.wp.vortexdev.com\/wp-content\/uploads\/2026\/02\/Contrat-de-service-unique-CSU-v1.6-Liste-clients.xlsx\" target=\"_blank\" rel=\"noreferrer noopener\">Contrat de service unique AVEC liste de clients<\/a><\/li>\n<\/ul>\n\n\n<\/div>\n\n                    \n\n\n<div class=\"block-accordion \">\n    <span class=\"block-accordion__label\">Accordion<\/span>\n    <h3 class=\"block-accordion__title\">Action Report (Deliverable)<\/h3>\n    \n\n<p>Le conseiller peut utiliser son propre mod\u00e8le de rapport d\u2019intervention ou celui-ci, tout en s\u2019assurant de la pr\u00e9sence du contenu pr\u00e9vu au Guide administratif du PSC ou aux grilles de r\u00e9f\u00e9rences des ordres professionnels.<\/p>\n\n\n\n<ul class=\"wp-block-list\">\n<li><a href=\"https:\/\/agriconseils.wp.vortexdev.com\/wp-content\/uploads\/2025\/06\/Page-administrative-v1.0.pdf\" target=\"_blank\" rel=\"noreferrer noopener\">Page d\u2019information administrative<\/a><br>Joignez cette page \u00e0 votre rapport pour r\u00e9pondre aux exigences administratives du PSC, sans alt\u00e9rer le format de votre mod\u00e8le. IMPORTANT : Ce fichier contient des cases \u00e0 cocher qui s\u2019activent seulement lorsqu\u2019ouvert \u00e0 l\u2019aide d\u2019Acrobat Reader. <strong>Veuillez ne pas utiliser le lecteur PDF inclus dans Chrome\/Edge mais plut\u00f4t Acrobat Reader.<\/strong><\/li>\n\n\n\n<li><a href=\"https:\/\/agriconseils.wp.vortexdev.com\/wp-content\/uploads\/2025\/11\/Rapport-dintervention-suggere-RIS-v1.2.pdf\" target=\"_blank\" rel=\"noreferrer noopener\">Rapport d\u2019intervention sugg\u00e9r\u00e9<\/a><br>IMPORTANT : Ce fichier contient des cases \u00e0 cocher qui s\u2019activent seulement lorsqu\u2019ouvert \u00e0 l\u2019aide d\u2019Acrobat Reader. <strong>Veuillez ne pas utiliser le lecteur PDF inclus dans Chrome\/Edge mais plut\u00f4t Acrobat Reader.<\/strong><\/li>\n<\/ul>\n\n\n<\/div>\n\n                    \n\n\n\n<p><\/p>\n\n\n<div class=\"block-accordion \">\n    <span class=\"block-accordion__label\">Accordion<\/span>\n    <h3 class=\"block-accordion__title\">Documents Specific to the Agri-Environment Sector <\/h3>\n    \n\n<ul class=\"wp-block-list\">\n<li><a href=\"https:\/\/agriconseils.wp.vortexdev.com\/wp-content\/uploads\/2025\/04\/Guide-rapport-conformite-PAA-2025_2025-04-01-1.pdf\" target=\"_blank\" rel=\"noreferrer noopener\">Guide du rapport de conformit\u00e9 du PAA<\/a><\/li>\n\n\n\n<li><a href=\"https:\/\/agriconseils.wp.vortexdev.com\/wp-content\/uploads\/2025\/04\/Liste_des_actions_PAA_2025_2025-04-01.pdf\" target=\"_blank\" rel=\"noreferrer noopener\">Liste des actions du PAA 2025-2026<\/a><\/li>\n\n\n\n<li><a href=\"https:\/\/agriconseils.wp.vortexdev.com\/wp-content\/uploads\/2025\/04\/PAA_2025_2025-04-01.docx\" target=\"_blank\" rel=\"noreferrer noopener\">PAA 2025<\/a><\/li>\n\n\n\n<li><a href=\"https:\/\/agriconseils.wp.vortexdev.com\/wp-content\/uploads\/2025\/04\/PAA_explique_2023-2028_2025-04-01.pdf\">PAA expliqu\u00e9 2023-2028<\/a><\/li>\n\n\n\n<li><a href=\"https:\/\/view.genial.ly\/654cf692fb19430011271eaf\/horizontal-infographic-diagrams-etapes-solstice\" rel=\"noopener\">\u00c9tapes de travail dans Solstice<\/a><br>Sch\u00e9ma interactif pr\u00e9sentant quoi faire dans <a href=\"https:\/\/solstice.coordination-sc.org\/\" rel=\"noopener\">Solstice<\/a> selon les services offerts en agroenvironnement.<\/li>\n<\/ul>\n\n\n<\/div>\n\n                    \n\n\n\n<h2 class=\"wp-block-heading\">&nbsp;<\/h2>\n","protected":false},"excerpt":{"rendered":"<p>Consultants, stay tuned for updates! To properly support the R\u00e9seaux Agriconseils in their role as a one-stop shop for advisory services and to disseminate essential information to providers, La Coordination services-conseils vous informe! was created. This provincial newsletter is intended for all those who work in consulting services in Quebec, regardless of their specialty. Subscribe&hellip;<\/p>\n","protected":false},"author":1,"featured_media":2971,"parent":798,"menu_order":0,"comment_status":"closed","ping_status":"closed","template":"","meta":{"_acf_changed":false,"_relevanssi_hide_post":"","_relevanssi_hide_content":"","_relevanssi_pin_for_all":"","_relevanssi_pin_keywords":"","_relevanssi_unpin_keywords":"","_relevanssi_related_keywords":"","_relevanssi_related_include_ids":"","_relevanssi_related_exclude_ids":"","_relevanssi_related_no_append":"","_relevanssi_related_not_related":"","_relevanssi_related_posts":"3823,3818,3816","_relevanssi_noindex_reason":"","footnotes":""},"class_list":["post-808","page","type-page","status-publish","has-post-thumbnail","hentry"],"acf":[],"_links":{"self":[{"href":"https:\/\/agriconseils.wp.vortexdev.com\/en\/wp-json\/wp\/v2\/pages\/808","targetHints":{"allow":["GET"]}}],"collection":[{"href":"https:\/\/agriconseils.wp.vortexdev.com\/en\/wp-json\/wp\/v2\/pages"}],"about":[{"href":"https:\/\/agriconseils.wp.vortexdev.com\/en\/wp-json\/wp\/v2\/types\/page"}],"author":[{"embeddable":true,"href":"https:\/\/agriconseils.wp.vortexdev.com\/en\/wp-json\/wp\/v2\/users\/1"}],"replies":[{"embeddable":true,"href":"https:\/\/agriconseils.wp.vortexdev.com\/en\/wp-json\/wp\/v2\/comments?post=808"}],"version-history":[{"count":10,"href":"https:\/\/agriconseils.wp.vortexdev.com\/en\/wp-json\/wp\/v2\/pages\/808\/revisions"}],"predecessor-version":[{"id":11167,"href":"https:\/\/agriconseils.wp.vortexdev.com\/en\/wp-json\/wp\/v2\/pages\/808\/revisions\/11167"}],"up":[{"embeddable":true,"href":"https:\/\/agriconseils.wp.vortexdev.com\/en\/wp-json\/wp\/v2\/pages\/798"}],"wp:featuredmedia":[{"embeddable":true,"href":"https:\/\/agriconseils.wp.vortexdev.com\/en\/wp-json\/wp\/v2\/media\/2971"}],"wp:attachment":[{"href":"https:\/\/agriconseils.wp.vortexdev.com\/en\/wp-json\/wp\/v2\/media?parent=808"}],"curies":[{"name":"wp","href":"https:\/\/api.w.org\/{rel}","templated":true}]}}