{"id":562,"date":"2021-12-03T09:48:51","date_gmt":"2021-12-03T14:48:51","guid":{"rendered":"https:\/\/agriconseils.wp.vortexdev.com\/?page_id=562"},"modified":"2023-08-07T10:01:42","modified_gmt":"2023-08-07T14:01:42","slug":"accueil","status":"publish","type":"page","link":"https:\/\/agriconseils.wp.vortexdev.com\/en\/","title":{"rendered":"Home"},"content":{"rendered":"<section class=\"column-ctas theme-block alignfull section more-than-2\">\n\n  <div class=\"section__inner\">\n    \n    <div class=\"column-ctas-container\">\n      \n              <div class=\"column-cta\" style=\"background-image: url(https:\/\/agriconseils.wp.vortexdev.com\/wp-content\/uploads\/2022\/01\/ImageProducteur-784x1024.png);\">\n\n          <div class=\"column-cta__inner\">\n            \n            <div class=\"column-cta__content\">\n              <div class=\"column-cta__content__inner\">\n                \n                                  <h2 class=\"column-cta__title\">Producer<\/h2>\n                                \n                                  <p class=\"column-cta__excerpt\">Check your eligibility, find an advisor and get financial assistance.<\/p>\n                              <\/div>\n            <\/div>\n            \n                          <a class=\"column-cta__link add-inner-wrap\" href=\"https:\/\/agriconseils.wp.vortexdev.com\/en\/i-am-a-producer\/\"> Get informed<\/a>                      <\/div>\n          \n          <a class=\"column-cta__full-inner-link\" aria-hidden=\"true\" tabindex=\"-1\" href=\"https:\/\/agriconseils.wp.vortexdev.com\/en\/i-am-a-producer\/\"><\/a>          <div class=\"column-cta__shadow-overlay\"><\/div>\n        <\/div>\n              <div class=\"column-cta\" style=\"background-image: url(https:\/\/agriconseils.wp.vortexdev.com\/wp-content\/uploads\/2022\/06\/iStock-1087171472_red-787x1024.jpg);\">\n\n          <div class=\"column-cta__inner\">\n            \n            <div class=\"column-cta__content\">\n              <div class=\"column-cta__content__inner\">\n                \n                                  <h2 class=\"column-cta__title\">Processor<\/h2>\n                                \n                                  <p class=\"column-cta__excerpt\">Check your eligibility, find an advisor and get financial assistance.<\/p>\n                              <\/div>\n            <\/div>\n            \n                          <a class=\"column-cta__link add-inner-wrap\" href=\"https:\/\/agriconseils.wp.vortexdev.com\/en\/i-am-a-processor\/\"> Get informed<\/a>                      <\/div>\n          \n          <a class=\"column-cta__full-inner-link\" aria-hidden=\"true\" tabindex=\"-1\" href=\"https:\/\/agriconseils.wp.vortexdev.com\/en\/i-am-a-processor\/\"><\/a>          <div class=\"column-cta__shadow-overlay\"><\/div>\n        <\/div>\n              <div class=\"column-cta\" style=\"background-image: url(https:\/\/agriconseils.wp.vortexdev.com\/wp-content\/uploads\/2022\/01\/JesuisConseiller-784x1024.png);\">\n\n          <div class=\"column-cta__inner\">\n            \n            <div class=\"column-cta__content\">\n              <div class=\"column-cta__content__inner\">\n                \n                                  <h2 class=\"column-cta__title\">Advisor<\/h2>\n                                \n                                  <p class=\"column-cta__excerpt\">Become an advisor, access guides and forms and obtain useful information.<\/p>\n                              <\/div>\n            <\/div>\n            \n                          <a class=\"column-cta__link add-inner-wrap\" href=\"https:\/\/agriconseils.wp.vortexdev.com\/en\/i-am-an-advisor\/\"> Get informed<\/a>                      <\/div>\n          \n          <a class=\"column-cta__full-inner-link\" aria-hidden=\"true\" tabindex=\"-1\" href=\"https:\/\/agriconseils.wp.vortexdev.com\/en\/i-am-an-advisor\/\"><\/a>          <div class=\"column-cta__shadow-overlay\"><\/div>\n        <\/div>\n          <\/div>\n  <\/div>\n<\/section>\n\n\n\n<div class=\"wp-block-media-text alignwide is-stacked-on-mobile\"><figure class=\"wp-block-media-text__media\"><img decoding=\"async\" width=\"730\" height=\"508\" src=\"https:\/\/agriconseils.wp.vortexdev.com\/wp-content\/uploads\/2021\/11\/2021-11-01-15_01_50-AgriConseils-Inspect.png\" alt=\"\" class=\"wp-image-98 size-full\" srcset=\"https:\/\/agriconseils.wp.vortexdev.com\/wp-content\/uploads\/2021\/11\/2021-11-01-15_01_50-AgriConseils-Inspect.png 730w, https:\/\/agriconseils.wp.vortexdev.com\/wp-content\/uploads\/2021\/11\/2021-11-01-15_01_50-AgriConseils-Inspect-300x209.png 300w\" sizes=\"(max-width: 730px) 100vw, 730px\" \/><\/figure><div class=\"wp-block-media-text__content\">\n<h2 class=\"wp-block-heading\" id=\"accueil-et-referencement-gratuit\"><strong>Free Reception and Referral<\/strong><\/h2>\n\n\n\n<p>Whether you are an experienced&nbsp;<a href=\"https:\/\/agriconseils.wp.vortexdev.com\/en\/i-am-a-producer\/\">producer<\/a>&nbsp;or a new one in animal production, plant production, <a href=\"https:\/\/agriconseils.wp.vortexdev.com\/en\/i-am-a-processor\/\">food processing<\/a>, or farm tourism, some precious advice can really help. The&nbsp;<a href=\"https:\/\/agriconseils.wp.vortexdev.com\/en\/the-reseaux-agriconseils\/the-13-regions-served\/\">R\u00e9seaux Agriconseils<\/a>&nbsp;can guide you when selecting consulting services suited to your needs and refer you to the right <a href=\"https:\/\/agriconseils.wp.vortexdev.com\/en\/i-am-an-advisor\/\">advisors<\/a>.<\/p>\n\n\n\n<p><strong>Financial Assistance Available: 50%-75%<\/strong><\/p>\n\n\n\n<p>Call upon experts to reach your goals. Contact us at <strong>1-866-680-1858<\/strong>.<\/p>\n\n\n\n<p>Find an advisor:<\/p>\n\n\n\n<div class=\"wp-block-buttons is-layout-flex wp-block-buttons-is-layout-flex\">\n<div class=\"wp-block-button\"><a class=\"wp-block-button__link wp-element-button\" href=\"https:\/\/agriconseils.wp.vortexdev.com\/en\/directory-of-advisors\/\">Directory of Advisors<\/a><\/div>\n<\/div>\n<\/div><\/div>\n\n\n\n<h2 class=\"wp-block-heading alignwide has-text-align-center\" id=\"aide-financiere\"><strong>Aide financi\u00e8re<\/strong> <strong>pour les producteurs et les transformateurs alimentaires artisans<\/strong><\/h2>\n\n\n\n<p class=\"has-text-align-center\">Consultez des professionnels reconnus par les r\u00e9seaux Agriconseils et obtenez de l\u2019aide financi\u00e8re! Le <a href=\"https:\/\/agriconseils.wp.vortexdev.com\/wp-content\/uploads\/2023\/08\/Depliant_Services-Conseils_PCAD_2023_web.pdf\">Programme services-conseils 2023-2028<\/a> pr\u00e9voit un taux d\u2019aide maximal variant <strong>entre 50 % et 75 %<\/strong> du montant de la facture de service. Le montant de la subvention sera vers\u00e9 directement au conseiller, le producteur ne paiera que le solde. <\/p>\n\n\n\n<p class=\"has-text-align-center\">Services-conseils diversifi\u00e9s offerts pour toutes les productions. Domaines et th\u00e9matiques d\u2019intervention : &nbsp;<\/p>\n\n\n\n<ul class=\"wp-block-list\">\n<li>Agroenvironnement<\/li>\n\n\n\n<li>Gestion financi\u00e8re et commercialisation<\/li>\n\n\n\n<li>Gestion organisationnelle et des ressources humaines<\/li>\n\n\n\n<li>Mise en march\u00e9 de proximit\u00e9<\/li>\n\n\n\n<li>Pratiques culturales<\/li>\n\n\n\n<li>Pratiques d\u2019\u00e9levage<\/li>\n\n\n\n<li>R\u00e9gie des b\u00e2timents<\/li>\n\n\n\n<li>Transformation alimentaire artisanale<\/li>\n<\/ul>\n\n\n\n<p class=\"has-text-align-center is-style-default\"><strong>Ne passez pas \u00e0 c\u00f4t\u00e9 d&#8217;une aide financi\u00e8re! Informez-vous aupr\u00e8s de votre <a href=\"https:\/\/agriconseils.wp.vortexdev.com\/les-reseaux-agriconseils\/13-regions-desservies\/\">R\u00e9seau<\/a>. <\/strong><\/p>\n\n\n\n<p class=\"has-text-align-center\">Les aides financi\u00e8res offertes par les r\u00e9seaux Agriconseils sont rendues possibles gr\u00e2ce au Programme services-conseils 2023-2028, en vertu du Partenariat canadien pour une agriculture durable, entente conclue entre les gouvernements du Canada et du Qu\u00e9bec.<\/p>\n\n\n\n<section class=\"blog-carousel-block theme-block alignfull\">\n\n  <div class=\"container\">\n          <h2 class=\"blog-carousel-block__title\">News<\/h2>\n              <div class=\"blog-carousel-block__button-wrapper display-desktop\">\n        <a class=\"btn--outline\" href=\"https:\/\/agriconseils.wp.vortexdev.com\/nouvelles\/\">All news<\/a>      <\/div>\n      <\/div> <!-- END container -->\n\n  <div class=\"blog-carousel-block__wrapper\">\n    <div class=\"blog-carousel swiper-container\">\n      <!-- Navigation -->\n        <div class=\"swiper-button-next blog-carousel__button-next nav-btn\"><\/div>\n      <!-- Navigation -->\n      <div class=\"blog-carousel__fade-background\"><\/div>\n      <div class=\"swiper-wrapper\">\n        \n<div class=\"article-item swiper-slide normal-item\">\n\n  <!-- -------- Image -------- -->\n\n  <div class=\"article-item__thumbnail\">\n        <a href=\"https:\/\/agriconseils.wp.vortexdev.com\/en\/news\/consulting-services-program\/\" class=\"article-item__thumbnail-inner\" aria-label=\"Read more about Consulting Services 2023-2028 Program\" style=\"background-image:url(https:\/\/agriconseils.wp.vortexdev.com\/wp-content\/themes\/agriconseils.qc.ca\/dist\/images\/logo-breadcrumb-color.svg);\"><\/a>\n  <\/div>\n\n\n  <!-- -------- Details -------- -->\n  <div class=\"article-item__details\">\n    \n    <div class=\"article-meta\">\n                              <span class=\"article-label category-post\">Consulting Services Program<\/span>              \n      <span class=\"article-info\">2023.08.07<\/span>\n    <\/div>\n\n          <h3>Consulting Services 2023-2028 Program<\/h3>\n    \n  <\/div> <!-- END article-item__details -->\n<\/div>\n\n<div class=\"article-item swiper-slide normal-item\">\n\n  <!-- -------- Image -------- -->\n\n  <div class=\"article-item__thumbnail\">\n        <a href=\"https:\/\/agriconseils.wp.vortexdev.com\/en\/news\/programme-investissement-croissance-durable\/\" class=\"article-item__thumbnail-inner\" aria-label=\"Read more about Programme Investissement Croissance Durable\" style=\"background-image:url(https:\/\/agriconseils.wp.vortexdev.com\/wp-content\/uploads\/2021\/11\/iStock-1187320693.png);\"><\/a>\n  <\/div>\n\n\n  <!-- -------- Details -------- -->\n  <div class=\"article-item__details\">\n    \n    <div class=\"article-meta\">\n                              <span class=\"article-label category-post\">FADQ&#8217;s Program<\/span>              \n      <span class=\"article-info\">2022.06.23<\/span>\n    <\/div>\n\n          <h3>Programme Investissement Croissance Durable<\/h3>\n    \n  <\/div> <!-- END article-item__details -->\n<\/div>\n\n<div class=\"article-item swiper-slide normal-item\">\n\n  <!-- -------- Image -------- -->\n\n  <div class=\"article-item__thumbnail\">\n        <a href=\"https:\/\/agriconseils.wp.vortexdev.com\/en\/news\/rpa\/\" class=\"article-item__thumbnail-inner\" aria-label=\"Read more about Initiative minist\u00e9rielle de r\u00e9tribution des pratiques agroenvironnementales\" style=\"background-image:url(https:\/\/agriconseils.wp.vortexdev.com\/wp-content\/uploads\/2021\/11\/iStock-1187320693.png);\"><\/a>\n  <\/div>\n\n\n  <!-- -------- Details -------- -->\n  <div class=\"article-item__details\">\n    \n    <div class=\"article-meta\">\n                              <span class=\"article-label category-post\">FADQ&#8217;s Program<\/span>                  <span class=\"article-label category-post\">Appel de projets<\/span>              \n      <span class=\"article-info\">2022.05.17<\/span>\n    <\/div>\n\n          <h3>Initiative minist\u00e9rielle de r\u00e9tribution des pratiques agroenvironnementales<\/h3>\n    \n  <\/div> <!-- END article-item__details -->\n<\/div>\n      <\/div>\n    <\/div>\n          <div class=\"blog-carousel-block__button-wrapper display-mobile\">\n        <a class=\"btn--outline\" href=\"https:\/\/agriconseils.wp.vortexdev.com\/nouvelles\/\">All news<\/a>      <\/div>\n      <\/div> <!-- END blog-carousel-block__wrapper -->\n\n  \n<div class=\"animated-text-wrapper\">\n      <div class=\"animated-text animated-text--0\">\n        <span class=\"text-light-green\">Network<\/span>\n        <span class=\"text-blue\">Advices<\/span>\n        <span class=\"text-light-green\">Event<\/span>\n        <span class=\"text-green\">Referencing<\/span>\n    <\/div>\n      <div class=\"animated-text animated-text--1\">\n        <span class=\"text-light-green\">Network<\/span>\n        <span class=\"text-blue\">Advices<\/span>\n        <span class=\"text-light-green\">Event<\/span>\n        <span class=\"text-green\">Referencing<\/span>\n    <\/div>\n  <\/div>\n\n\n<\/section>\n\n\n<section class=\"section recent-events alignfull  theme-block recent-events--featured-and-listing\">\n\n  <div class=\"section__inner\">\n    \n    <header class=\"section__header\">\n      <h2 class=\"section__title\">Events<\/h2>\n      \n              <a href=\"https:\/\/agriconseils.wp.vortexdev.com\/en\/our-events\/\" class=\"btn btn--outline\">See all events<\/a>\n          <\/header>\n    \n    <div class=\"section__content\">\n              \n        <div class=\"featured-event\">\n          \n<article class=\"event-item event-item--compact \">\n  <div class=\"event-item__inner\">\n    \n    <header class=\"event-item__header\">\n      \n      <h3 class=\"event-item__title\">        Les Caf\u00e9s de la mise en march\u00e9 \u2013 Agrotourisme : comprendre la r\u00e9glementation avant de se lancer      <\/h3>      \n            \n      <div class=\"event-item__details\">\n\n        \n              <\/div>\n    <\/header>\n    \n    <div class=\"event-item__content\">\n              Vous \u00eates une entreprise agricole de la Chaudi\u00e8re-Appalaches qui vend ses produits directement aux consommateurs? Cette s\u00e9rie d\u2019activit\u00e9s pourrait sans doute vous int\u00e9resser! Au programme : r\u00e9seautage avec les partenaires du milieu, \u00e9changes entre producteurs et productrices, et conf\u00e9rences sur [&#8230;]          <\/div>\n    \n    <footer class=\"event-item__actions\">\n            <a class=\"add-inner-wrap\" href=\"https:\/\/agriconseils.wp.vortexdev.com\/nos-evenements\/les-cafes-de-la-mise-en-marche-agrotourisme-comprendre-la-reglementation-avant-de-se-lancer\/\" aria-label=\"Learn more about Les Caf\u00e9s de la mise en march\u00e9 \u2013 Agrotourisme : comprendre la r\u00e9glementation avant de se lancer.\">\n        Learn more      <\/a>\n    <\/footer>\n    \n    \n  <\/div>\n  \n    \n  <\/article>\n        <\/div>\n        \n                  <div class=\"events-listing \">\n            \n<article class=\"event-item event-item--compact \">\n  <div class=\"event-item__inner\">\n    \n    <header class=\"event-item__header\">\n      \n      <h3 class=\"event-item__title\">        Le Grand Rendez-vous des Intervenants de la Capitale-Nationale      <\/h3>      \n            \n      <div class=\"event-item__details\">\n\n        \n              <\/div>\n    <\/header>\n    \n    <div class=\"event-item__content\">\n              Le R\u00e9seau Agriconseils Capitale-Nationale et C\u00f4te-Nord vous invite \u00e0 participer \u00e0 la premi\u00e8re \u00e9dition du\u00a0Grand Rendez-vous des Intervenants, une journ\u00e9e de conf\u00e9rences et de r\u00e9seautage destin\u00e9e aux acteurs du milieu agricole et de l\u2019agrotransformation de la r\u00e9gion de la Capitale-Nationale. [&#8230;]          <\/div>\n    \n    <footer class=\"event-item__actions\">\n            <a class=\"add-inner-wrap\" href=\"https:\/\/agriconseils.wp.vortexdev.com\/nos-evenements\/le-grand-rendez-vous-des-intervenants-de-la-capitale-nationale\/\" aria-label=\"Learn more about Le Grand Rendez-vous des Intervenants de la Capitale-Nationale.\">\n        Learn more      <\/a>\n    <\/footer>\n    \n    \n  <\/div>\n  \n    \n  <\/article>\n\n<article class=\"event-item event-item--compact \">\n  <div class=\"event-item__inner\">\n    \n    <header class=\"event-item__header\">\n      \n      <h3 class=\"event-item__title\">        Les Caf\u00e9s de la mise en march\u00e9 &#8211; D\u00e9mystifier l\u2019intelligence artificielle en marketing agroalimentaire      <\/h3>      \n            \n      <div class=\"event-item__details\">\n\n        \n              <\/div>\n    <\/header>\n    \n    <div class=\"event-item__content\">\n              Vous \u00eates une entreprise agricole de la Chaudi\u00e8re-Appalaches qui vend ses produits directement aux consommateurs? Cette s\u00e9rie d\u2019activit\u00e9s pourrait sans doute vous int\u00e9resser! Au programme : r\u00e9seautage avec les partenaires du milieu, \u00e9changes entre producteurs et productrices, et conf\u00e9rences sur [&#8230;]          <\/div>\n    \n    <footer class=\"event-item__actions\">\n            <a class=\"add-inner-wrap\" href=\"https:\/\/agriconseils.wp.vortexdev.com\/nos-evenements\/les-cafes-de-la-mise-en-marche-demystifier-lintelligence-artificielle-en-marketing-agroalimentaire\/\" aria-label=\"Learn more about Les Caf\u00e9s de la mise en march\u00e9 &#8211; D\u00e9mystifier l\u2019intelligence artificielle en marketing agroalimentaire.\">\n        Learn more      <\/a>\n    <\/footer>\n    \n    \n  <\/div>\n  \n    \n  <\/article>\n          <\/div>\n              <\/div>\n  <\/div>\n<\/section>\n","protected":false},"excerpt":{"rendered":"<p>Aide financi\u00e8re pour les producteurs et les transformateurs alimentaires artisans Consultez des professionnels reconnus par les r\u00e9seaux Agriconseils et obtenez de l\u2019aide financi\u00e8re! Le Programme services-conseils 2023-2028 pr\u00e9voit un taux d\u2019aide maximal variant entre 50 % et 75 % du montant de la facture de service. Le montant de la subvention sera vers\u00e9 directement au&hellip;<\/p>\n","protected":false},"author":1,"featured_media":0,"parent":0,"menu_order":0,"comment_status":"closed","ping_status":"closed","template":"template-front-page.php","meta":{"_acf_changed":false,"_relevanssi_hide_post":"","_relevanssi_hide_content":"","_relevanssi_pin_for_all":"","_relevanssi_pin_keywords":"","_relevanssi_unpin_keywords":"","_relevanssi_related_keywords":"","_relevanssi_related_include_ids":"","_relevanssi_related_exclude_ids":"","_relevanssi_related_no_append":"","_relevanssi_related_not_related":"","_relevanssi_related_posts":"3818,3823,3816","_relevanssi_noindex_reason":"","footnotes":""},"class_list":["post-562","page","type-page","status-publish","hentry"],"acf":[],"_links":{"self":[{"href":"https:\/\/agriconseils.wp.vortexdev.com\/en\/wp-json\/wp\/v2\/pages\/562","targetHints":{"allow":["GET"]}}],"collection":[{"href":"https:\/\/agriconseils.wp.vortexdev.com\/en\/wp-json\/wp\/v2\/pages"}],"about":[{"href":"https:\/\/agriconseils.wp.vortexdev.com\/en\/wp-json\/wp\/v2\/types\/page"}],"author":[{"embeddable":true,"href":"https:\/\/agriconseils.wp.vortexdev.com\/en\/wp-json\/wp\/v2\/users\/1"}],"replies":[{"embeddable":true,"href":"https:\/\/agriconseils.wp.vortexdev.com\/en\/wp-json\/wp\/v2\/comments?post=562"}],"version-history":[{"count":10,"href":"https:\/\/agriconseils.wp.vortexdev.com\/en\/wp-json\/wp\/v2\/pages\/562\/revisions"}],"predecessor-version":[{"id":6434,"href":"https:\/\/agriconseils.wp.vortexdev.com\/en\/wp-json\/wp\/v2\/pages\/562\/revisions\/6434"}],"wp:attachment":[{"href":"https:\/\/agriconseils.wp.vortexdev.com\/en\/wp-json\/wp\/v2\/media?parent=562"}],"curies":[{"name":"wp","href":"https:\/\/api.w.org\/{rel}","templated":true}]}}