{"id":3780,"date":"2022-05-17T08:27:26","date_gmt":"2022-05-17T13:27:26","guid":{"rendered":"https:\/\/agriconseils.wp.vortexdev.com\/?page_id=3780"},"modified":"2024-04-12T12:07:24","modified_gmt":"2024-04-12T16:07:24","slug":"forms","status":"publish","type":"page","link":"https:\/\/agriconseils.wp.vortexdev.com\/en\/i-am-a-processor\/forms\/","title":{"rendered":"Forms"},"content":{"rendered":"\n<div class=\"wp-block-media-text alignwide has-media-on-the-right is-stacked-on-mobile\"><div class=\"wp-block-media-text__content\">\n<h2 class=\"wp-block-heading\" id=\"s-inscrire-au-programme-services-conseils\"><strong><strong>Enrolment in the&nbsp;Consulting Services Program<\/strong><\/strong><\/h2>\n\n\n\n<p>As soon as your business gets its DIN as a small-scale food processor, <strong>you may enrol it in the<\/strong> <a href=\"https:\/\/www.mapaq.gouv.qc.ca\/fr\/Productions\/md\/programmesliste\/gestionagricole\/Pages\/Programmeservices-conseils.aspx\" target=\"_blank\" rel=\"noreferrer noopener\"><strong>Consulting Services Program<\/strong><\/a>:<\/p>\n\n\n\n<ul class=\"wp-block-list\">\n<li>Complete the Enrolment Form below.<\/li>\n\n\n\n<li>Send it to your region\u2019s <a href=\"https:\/\/agriconseils.wp.vortexdev.com\/en\/the-reseaux-agriconseils\/the-13-regions-served\/\">R\u00e9seau Agriconseils<\/a>.<\/li>\n<\/ul>\n<\/div><figure class=\"wp-block-media-text__media\"><img decoding=\"async\" width=\"549\" height=\"383\" src=\"https:\/\/agriconseils.wp.vortexdev.com\/wp-content\/uploads\/2022\/05\/OMA18N1994_Emilie-Nadeau-MAPAQ_site-1.jpg\" alt=\"\" class=\"wp-image-3522 size-full\" srcset=\"https:\/\/agriconseils.wp.vortexdev.com\/wp-content\/uploads\/2022\/05\/OMA18N1994_Emilie-Nadeau-MAPAQ_site-1.jpg 549w, https:\/\/agriconseils.wp.vortexdev.com\/wp-content\/uploads\/2022\/05\/OMA18N1994_Emilie-Nadeau-MAPAQ_site-1-300x209.jpg 300w\" sizes=\"(max-width: 549px) 100vw, 549px\" \/><\/figure><\/div>\n\n\n<div class=\"block-accordion \">\n    <span class=\"block-accordion__label\">Accordion<\/span>\n    <h3 class=\"block-accordion__title\">Consulting Services Program Enrolment Form <\/h3>\n    \n\n<ul class=\"wp-block-list\">\n<li><a href=\"https:\/\/agriconseils.wp.vortexdev.com\/wp-content\/uploads\/2024\/04\/VOLET-1-Formulaire_adhesion_2024-03_v2.pdf\">Formulaire d\u2019adh\u00e9sion de l\u2019entreprise<\/a><br>Formulaire PDF destin\u00e9 \u00e0 un r\u00e9pondant d\u2019une entreprise agricole ou \u00e0 un transformateur alimentaire artisan qui souhaite b\u00e9n\u00e9ficier d\u2019un service-conseil admissible \u00e0 une aide financi\u00e8re d\u2019un r\u00e9seau Agriconseils.<\/li>\n\n\n\n<li><a href=\"https:\/\/agriconseils.wp.vortexdev.com\/wp-content\/uploads\/2024\/04\/VOLET-1-Formulaire_adhesion_2024-03.docx\">Formulaire d\u2019adh\u00e9sion de l\u2019entreprise<\/a><br>Formulaire WORD destin\u00e9 \u00e0 un r\u00e9pondant d\u2019une entreprise agricole ou \u00e0 un transformateur alimentaire artisan qui souhaite b\u00e9n\u00e9ficier d\u2019un service-conseil admissible \u00e0 une aide financi\u00e8re d\u2019un r\u00e9seau Agriconseils.<\/li>\n<\/ul>\n\n\n<\/div>\n\n                    \n","protected":false},"excerpt":{"rendered":"","protected":false},"author":17,"featured_media":3532,"parent":820,"menu_order":0,"comment_status":"closed","ping_status":"closed","template":"","meta":{"_acf_changed":false,"_relevanssi_hide_post":"","_relevanssi_hide_content":"","_relevanssi_pin_for_all":"","_relevanssi_pin_keywords":"","_relevanssi_unpin_keywords":"","_relevanssi_related_keywords":"","_relevanssi_related_include_ids":"","_relevanssi_related_exclude_ids":"","_relevanssi_related_no_append":"","_relevanssi_related_not_related":"","_relevanssi_related_posts":"3816,3823,3818","_relevanssi_noindex_reason":"","footnotes":""},"class_list":["post-3780","page","type-page","status-publish","has-post-thumbnail","hentry"],"acf":[],"_links":{"self":[{"href":"https:\/\/agriconseils.wp.vortexdev.com\/en\/wp-json\/wp\/v2\/pages\/3780","targetHints":{"allow":["GET"]}}],"collection":[{"href":"https:\/\/agriconseils.wp.vortexdev.com\/en\/wp-json\/wp\/v2\/pages"}],"about":[{"href":"https:\/\/agriconseils.wp.vortexdev.com\/en\/wp-json\/wp\/v2\/types\/page"}],"author":[{"embeddable":true,"href":"https:\/\/agriconseils.wp.vortexdev.com\/en\/wp-json\/wp\/v2\/users\/17"}],"replies":[{"embeddable":true,"href":"https:\/\/agriconseils.wp.vortexdev.com\/en\/wp-json\/wp\/v2\/comments?post=3780"}],"version-history":[{"count":10,"href":"https:\/\/agriconseils.wp.vortexdev.com\/en\/wp-json\/wp\/v2\/pages\/3780\/revisions"}],"predecessor-version":[{"id":8886,"href":"https:\/\/agriconseils.wp.vortexdev.com\/en\/wp-json\/wp\/v2\/pages\/3780\/revisions\/8886"}],"up":[{"embeddable":true,"href":"https:\/\/agriconseils.wp.vortexdev.com\/en\/wp-json\/wp\/v2\/pages\/820"}],"wp:featuredmedia":[{"embeddable":true,"href":"https:\/\/agriconseils.wp.vortexdev.com\/en\/wp-json\/wp\/v2\/media\/3532"}],"wp:attachment":[{"href":"https:\/\/agriconseils.wp.vortexdev.com\/en\/wp-json\/wp\/v2\/media?parent=3780"}],"curies":[{"name":"wp","href":"https:\/\/api.w.org\/{rel}","templated":true}]}}