{"id":11040,"date":"2025-11-19T08:52:09","date_gmt":"2025-11-19T13:52:09","guid":{"rendered":"https:\/\/agriconseils.wp.vortexdev.com\/?page_id=11040"},"modified":"2025-11-19T08:52:11","modified_gmt":"2025-11-19T13:52:11","slug":"collaboration-interprofessionnelle","status":"publish","type":"page","link":"https:\/\/agriconseils.wp.vortexdev.com\/en\/collaboration-interprofessionnelle\/","title":{"rendered":"Collaboration interprofessionnelle"},"content":{"rendered":"\n<div class=\"wp-block-media-text alignwide has-media-on-the-right is-stacked-on-mobile\"><div class=\"wp-block-media-text__content\">\n<h2 class=\"wp-block-heading\" id=\"trouver-un-conseiller\"><strong><strong>Avantages de consulter<\/strong><\/strong><\/h2>\n\n\n\n<ul class=\"wp-block-list\">\n<li>Obtenir diff\u00e9rents points de vue d\u2019un projet<\/li>\n\n\n\n<li>Analyser plusieurs domaines : \u00e9levages, cultures, rentabilit\u00e9, agroenvironnement, g\u00e9nie, sant\u00e9 animale, relations humaines, transformation, commercialisation, etc.<\/li>\n\n\n\n<li>Obtenir une solution plus compl\u00e8te<\/li>\n\n\n\n<li>Diminuer le risque avant de d\u00e9buter un projet<\/li>\n<\/ul>\n<\/div><figure class=\"wp-block-media-text__media\"><img decoding=\"async\" width=\"439\" height=\"294\" src=\"https:\/\/agriconseils.wp.vortexdev.com\/wp-content\/uploads\/2025\/11\/CIP_2.png\" alt=\"\" class=\"wp-image-10946 size-full\" srcset=\"https:\/\/agriconseils.wp.vortexdev.com\/wp-content\/uploads\/2025\/11\/CIP_2.png 439w, https:\/\/agriconseils.wp.vortexdev.com\/wp-content\/uploads\/2025\/11\/CIP_2-300x201.png 300w\" sizes=\"(max-width: 439px) 100vw, 439px\" \/><\/figure><\/div>\n\n\n\n<h2 class=\"wp-block-heading has-text-align-center\"><strong>Services-conseils disponibles<\/strong><\/h2>\n\n\n\n<div class=\"wp-block-cover is-light is-repeated wp-duotone-unset-1\"><div class=\"wp-block-cover__image-background wp-image-10953 size-full is-repeated\" style=\"background-position:50% 50%;background-image:url(https:\/\/agriconseils.wp.vortexdev.com\/wp-content\/uploads\/2025\/11\/f_boilard.jpg)\"><\/div><span aria-hidden=\"true\" class=\"wp-block-cover__background has-background-dim-60 has-background-dim\" style=\"background-color:#a9a6a0\"><\/span><div class=\"wp-block-cover__inner-container is-layout-constrained wp-block-cover-is-layout-constrained\">\n<p class=\"has-text-align-right is-style-alignwide has-white-color has-text-color has-link-color has-large-font-size wp-elements-d9a78b79a4539b76abcc7e4cd3aeafb4\">\u00ab&nbsp;Un c&#8217;est bien, deux c&#8217;est mieux, \u00e0 trois on vise juste!&nbsp;\u00bb<\/p>\n\n\n\n<p class=\"has-text-align-right is-style-alignwide has-white-color has-text-color has-link-color wp-elements-e7053ca37b497c641fff9377dd41c3e8\">Fran\u00e7ois Boilard, producteur laitier, Ferme Franlie S.E.N.C.<\/p>\n\n\n\n<blockquote class=\"wp-block-quote is-layout-flow wp-block-quote-is-layout-flow\">\n<p><\/p>\n<\/blockquote>\n<\/div><\/div>\n\n\n\n<p class=\"has-text-align-left\">La <strong>collaboration interprofessionnelle (CIP)<\/strong>, c&#8217;est quand plusieurs personnes de champs d&#8217;expertises vari\u00e9s ou d&#8217;organisations diff\u00e9rentes travaillent ensemble et en \u00e9troite collaboration avec leur client. Elles partagent leurs informations, leurs connaissances et leurs analyses et se coordonnent pour am\u00e9liorer la qualit\u00e9 de leurs interventions et mieux r\u00e9pondre aux besoins du client.<\/p>\n\n\n\n<p class=\"has-text-align-left\">Expertises possibles des collaborateurs : agroenvironnement, production animale, production v\u00e9g\u00e9tale, gestion, transfert, ressources humaines, transformation et commercialisation. D\u2019autres intervenants peuvent \u00eatre sollicit\u00e9s (repr\u00e9sentants de meunerie, v\u00e9t\u00e9rinaires, ing\u00e9nieurs\u2026). Seuls les <a href=\"https:\/\/agriconseils.wp.vortexdev.com\/en\/i-am-an-advisor\/become-an-advisor\/\">conseillers inscrits<\/a> pourront recevoir une aide financi\u00e8re dans le cadre du <a href=\"https:\/\/www.mapaq.gouv.qc.ca\/fr\/Productions\/md\/programmesliste\/gestionagricole\/Pages\/Programmeservices-conseils.aspx\" target=\"_blank\" rel=\"noreferrer noopener\">Programme services-conseils<\/a>.<\/p>\n\n\n\n<p class=\"has-text-align-left\"><strong>Situations admissibles<\/strong><\/p>\n\n\n\n<ul class=\"wp-block-list\">\n<li>R\u00e9solution de probl\u00e8me technique complexe<\/li>\n\n\n\n<li>Plan d&#8217;affaires pour d\u00e9marrage\/d\u00e9veloppement<\/li>\n\n\n\n<li>Plan de transfert interg\u00e9n\u00e9rationnel d&#8217;entreprise<\/li>\n\n\n\n<li>Plan de redressement<\/li>\n\n\n\n<li>Organisation des ressources humaines<\/li>\n\n\n\n<li>Adoption de pratiques agroenvironnementales<\/li>\n\n\n\n<li>Rencontres avec fiscalises\/notaires\/comptables en cas de d\u00e9marche de transfert<\/li>\n<\/ul>\n\n\n\n<p class=\"has-text-align-center has-white-color has-text-color has-background has-link-color wp-elements-ee7fcccbc241300d80362978eb20ccee\" style=\"background-color:#005c84\">Pour plus d\u2019information, communiquez avec votre R\u00e9seau au&nbsp;<strong>1 866 680-1858<\/strong>.<\/p>\n\n\n\n<div class=\"wp-block-media-text alignwide is-stacked-on-mobile\"><figure class=\"wp-block-media-text__media\"><img decoding=\"async\" width=\"401\" height=\"262\" src=\"https:\/\/agriconseils.wp.vortexdev.com\/wp-content\/uploads\/2025\/11\/CIP_3.jpg\" alt=\"\" class=\"wp-image-10948 size-full\" srcset=\"https:\/\/agriconseils.wp.vortexdev.com\/wp-content\/uploads\/2025\/11\/CIP_3.jpg 401w, https:\/\/agriconseils.wp.vortexdev.com\/wp-content\/uploads\/2025\/11\/CIP_3-300x196.jpg 300w\" sizes=\"(max-width: 401px) 100vw, 401px\" \/><\/figure><div class=\"wp-block-media-text__content\">\n<h2 class=\"wp-block-heading\" id=\"trouver-un-conseiller\"><strong>Aide financi\u00e8re pour les producteurs<\/strong><\/h2>\n\n\n\n<ul class=\"wp-block-list\">\n<li>75 % des co\u00fbts admissibles, max. 5 000 $\/entreprise pour la dur\u00e9e du programme<\/li>\n\n\n\n<li>Montant inclus dans l\u2019enveloppe globale (30 000 $ ou 40 000 $)<\/li>\n\n\n\n<li>Montant qui couvre :\n<ul class=\"wp-block-list\">\n<li>Honoraires + temps de d\u00e9placement des conseillers inscrits pour la participation aux rencontres<\/li>\n\n\n\n<li>Temps d\u2019organisation des rencontres et de pr\u00e9paration du livrable pour le porteur de dossier (400 $ financ\u00e9s \u00e0 75 % = 300 $ par rencontre)<\/li>\n<\/ul>\n<\/li>\n<\/ul>\n<\/div><\/div>\n\n\n\n<div class=\"wp-block-media-text alignwide has-media-on-the-right is-stacked-on-mobile\"><div class=\"wp-block-media-text__content\">\n<h2 class=\"wp-block-heading\" id=\"trouver-un-conseiller\"><strong><strong>Producteurs admissibles<\/strong><\/strong><\/h2>\n\n\n\n<ul class=\"wp-block-list\">\n<li>Toute entreprise ayant un num\u00e9ro d\u2019identification minist\u00e9riel exploitant agricole (NIM) valide<\/li>\n\n\n\n<li>Toute entreprise en d\u00e9marrage, ayant un NIM aspirant<\/li>\n\n\n\n<li>Pour tous les types de production<\/li>\n<\/ul>\n<\/div><figure class=\"wp-block-media-text__media\"><img decoding=\"async\" width=\"543\" height=\"356\" src=\"https:\/\/agriconseils.wp.vortexdev.com\/wp-content\/uploads\/2025\/11\/CIP_4.png\" alt=\"\" class=\"wp-image-10950 size-full\" srcset=\"https:\/\/agriconseils.wp.vortexdev.com\/wp-content\/uploads\/2025\/11\/CIP_4.png 543w, https:\/\/agriconseils.wp.vortexdev.com\/wp-content\/uploads\/2025\/11\/CIP_4-300x197.png 300w\" sizes=\"(max-width: 543px) 100vw, 543px\" \/><\/figure><\/div>\n\n\n\n<div class=\"wp-block-media-text alignwide is-stacked-on-mobile\"><figure class=\"wp-block-media-text__media\"><img decoding=\"async\" width=\"513\" height=\"323\" src=\"https:\/\/agriconseils.wp.vortexdev.com\/wp-content\/uploads\/2025\/11\/CIP_1.png\" alt=\"\" class=\"wp-image-10944 size-full\" srcset=\"https:\/\/agriconseils.wp.vortexdev.com\/wp-content\/uploads\/2025\/11\/CIP_1.png 513w, https:\/\/agriconseils.wp.vortexdev.com\/wp-content\/uploads\/2025\/11\/CIP_1-300x189.png 300w\" sizes=\"(max-width: 513px) 100vw, 513px\" \/><\/figure><div class=\"wp-block-media-text__content\">\n<h2 class=\"wp-block-heading\" id=\"trouver-un-conseiller\"><strong>Trouver un conseiller<\/strong><\/h2>\n\n\n\n<ul class=\"wp-block-list\">\n<li>Consultez le <a href=\"https:\/\/agriconseils.wp.vortexdev.com\/en\/directory-of-advisors\/\" target=\"_blank\" rel=\"noreferrer noopener\">R\u00e9pertoire des conseillers<\/a>.<\/li>\n\n\n\n<li>Appelez votre R\u00e9seau au <strong>1 866 680-1858<\/strong>.<\/li>\n<\/ul>\n<\/div><\/div>\n\n\n\n<div class=\"wp-block-media-text alignwide has-media-on-the-right is-stacked-on-mobile\"><div class=\"wp-block-media-text__content\">\n<h2 class=\"wp-block-heading\" id=\"trouver-un-conseiller\"><strong>Outils et r\u00e9f\u00e9rences<\/strong><\/h2>\n\n\n\n<ul class=\"wp-block-list\">\n<li>Formation \u00ab Comment bien d\u00e9marrer une CIP par l\u2019exemple \u00bb du 23 octobre 2025&nbsp;: \n<ul class=\"wp-block-list\">\n<li><a href=\"https:\/\/coordination-sc.org\/wp-content\/uploads\/2025\/10\/2025-Formation-CIP.pdf\" target=\"_blank\" rel=\"noreferrer noopener\">Pr\u00e9sentation PDF<\/a><\/li>\n\n\n\n<li><a href=\"https:\/\/youtu.be\/hqaozaVjFNk\" target=\"_blank\" rel=\"noreferrer noopener\">Enregistrement<\/a><\/li>\n<\/ul>\n<\/li>\n\n\n\n<li>La collaboration interprofessionnelle dans les services-conseils agricoles (CRAAQ, 2012) :\n<ul class=\"wp-block-list\">\n<li><a href=\"https:\/\/agriconseils.wp.vortexdev.com\/wp-content\/uploads\/2025\/11\/2012-CIP_Document_reference_complet.pdf\" target=\"_blank\" rel=\"noreferrer noopener\">Document de r\u00e9f\u00e9rence<\/a><\/li>\n\n\n\n<li><a href=\"https:\/\/agriconseils.wp.vortexdev.com\/wp-content\/uploads\/2025\/11\/2012-CIP_Guide_pratique_intervenants.pdf\" target=\"_blank\" rel=\"noreferrer noopener\">Guide pratique pour les intervenants<\/a><\/li>\n<\/ul>\n<\/li>\n\n\n\n<li><a href=\"https:\/\/coordination-sc.org\/wp-content\/uploads\/2025\/10\/2025-Pense-bete-CIP.pdf\" target=\"_blank\" rel=\"noreferrer noopener\">Pense-b\u00eate<\/a><\/li>\n<\/ul>\n<\/div><figure class=\"wp-block-media-text__media\"><img decoding=\"async\" width=\"1024\" height=\"682\" src=\"https:\/\/agriconseils.wp.vortexdev.com\/wp-content\/uploads\/2025\/11\/startup-594090_1280-1024x682.jpg\" alt=\"\" class=\"wp-image-10974 size-full\" srcset=\"https:\/\/agriconseils.wp.vortexdev.com\/wp-content\/uploads\/2025\/11\/startup-594090_1280-1024x682.jpg 1024w, https:\/\/agriconseils.wp.vortexdev.com\/wp-content\/uploads\/2025\/11\/startup-594090_1280-300x200.jpg 300w, https:\/\/agriconseils.wp.vortexdev.com\/wp-content\/uploads\/2025\/11\/startup-594090_1280-768x512.jpg 768w, https:\/\/agriconseils.wp.vortexdev.com\/wp-content\/uploads\/2025\/11\/startup-594090_1280.jpg 1280w\" sizes=\"(max-width: 1024px) 100vw, 1024px\" \/><\/figure><\/div>\n\n\n\n<p>Les aides financi\u00e8res offertes par les r\u00e9seaux Agriconseils sont rendues possibles gr\u00e2ce au Programme services-conseils 2023-2028, en vertu du Partenariat canadien pour une agriculture durable, entente conclue entre les gouvernements du Canada et du Qu\u00e9bec.<\/p>\n","protected":false},"excerpt":{"rendered":"<p>Services-conseils disponibles La collaboration interprofessionnelle (CIP), c&#8217;est quand plusieurs personnes de champs d&#8217;expertises vari\u00e9s ou d&#8217;organisations diff\u00e9rentes travaillent ensemble et en \u00e9troite collaboration avec leur client. Elles partagent leurs informations, leurs connaissances et leurs analyses et se coordonnent pour am\u00e9liorer la qualit\u00e9 de leurs interventions et mieux r\u00e9pondre aux besoins du client. Expertises possibles des&hellip;<\/p>\n","protected":false},"author":17,"featured_media":10978,"parent":0,"menu_order":0,"comment_status":"closed","ping_status":"closed","template":"","meta":{"_acf_changed":false,"_relevanssi_hide_post":"","_relevanssi_hide_content":"","_relevanssi_pin_for_all":"","_relevanssi_pin_keywords":"","_relevanssi_unpin_keywords":"","_relevanssi_related_keywords":"","_relevanssi_related_include_ids":"","_relevanssi_related_exclude_ids":"","_relevanssi_related_no_append":"","_relevanssi_related_not_related":"","_relevanssi_related_posts":"6423,3823,4599","_relevanssi_noindex_reason":"","footnotes":""},"class_list":["post-11040","page","type-page","status-publish","has-post-thumbnail","hentry"],"acf":[],"_links":{"self":[{"href":"https:\/\/agriconseils.wp.vortexdev.com\/en\/wp-json\/wp\/v2\/pages\/11040","targetHints":{"allow":["GET"]}}],"collection":[{"href":"https:\/\/agriconseils.wp.vortexdev.com\/en\/wp-json\/wp\/v2\/pages"}],"about":[{"href":"https:\/\/agriconseils.wp.vortexdev.com\/en\/wp-json\/wp\/v2\/types\/page"}],"author":[{"embeddable":true,"href":"https:\/\/agriconseils.wp.vortexdev.com\/en\/wp-json\/wp\/v2\/users\/17"}],"replies":[{"embeddable":true,"href":"https:\/\/agriconseils.wp.vortexdev.com\/en\/wp-json\/wp\/v2\/comments?post=11040"}],"version-history":[{"count":1,"href":"https:\/\/agriconseils.wp.vortexdev.com\/en\/wp-json\/wp\/v2\/pages\/11040\/revisions"}],"predecessor-version":[{"id":11041,"href":"https:\/\/agriconseils.wp.vortexdev.com\/en\/wp-json\/wp\/v2\/pages\/11040\/revisions\/11041"}],"wp:featuredmedia":[{"embeddable":true,"href":"https:\/\/agriconseils.wp.vortexdev.com\/en\/wp-json\/wp\/v2\/media\/10978"}],"wp:attachment":[{"href":"https:\/\/agriconseils.wp.vortexdev.com\/en\/wp-json\/wp\/v2\/media?parent=11040"}],"curies":[{"name":"wp","href":"https:\/\/api.w.org\/{rel}","templated":true}]}}